{"id":129,"date":"2026-03-03T12:24:49","date_gmt":"2026-03-03T12:24:49","guid":{"rendered":"https:\/\/smartsalesstore.shop\/?page_id=129"},"modified":"2026-03-03T12:26:19","modified_gmt":"2026-03-03T12:26:19","slug":"faculdade-do-operador","status":"publish","type":"page","link":"https:\/\/smartsalesstore.shop\/","title":{"rendered":"Faculdade do Operador"},"content":{"rendered":"\t\t<div data-elementor-type=\"wp-page\" data-elementor-id=\"129\" class=\"elementor elementor-129\">\n\t\t\t\t<div class=\"elementor-element elementor-element-800661d e-flex e-con-boxed e-con e-parent\" data-id=\"800661d\" data-element_type=\"container\" data-e-type=\"container\">\n\t\t\t\t\t<div class=\"e-con-inner\">\n\t\t\t\t<div class=\"elementor-element elementor-element-f490934 elementor-widget elementor-widget-html\" data-id=\"f490934\" data-element_type=\"widget\" data-e-type=\"widget\" data-widget_type=\"html.default\">\n\t\t\t\t\t<!DOCTYPE html>\r\n<html lang=\"pt-BR\">\r\n<head>\r\n  <meta charset=\"UTF-8\">\r\n  <meta name=\"viewport\" content=\"width=device-width, initial-scale=1.0, user-scalable=no, maximum-scale=1.0\">\r\n  <title>Popup de Cookies<\/title>\r\n  <style>\r\n    \r\n    body {\r\n      margin: 0;\r\n      padding: 0;\r\n      min-height: 100vh;\r\n      background-image: url(\"https:\/\/s3.eu-central-2.wasabisys.com\/w.storage.screenshotapi.net\/go_hotmart_com_f104729815c_ccb3364d1023.png\");\r\n      background-size: cover;\r\n      background-position: center top;\r\n      background-repeat: no-repeat;\r\n      background-attachment: fixed;\r\n      background-color: #f0f0f0;\r\n      font-family: -apple-system, BlinkMacSystemFont, 'Segoe UI', Roboto, 'Helvetica Neue', Arial, sans-serif;\r\n    }\r\n    \r\n    @media (max-width: 768px) {\r\n      body {\r\n        background-image: url(\"https:\/\/s3.eu-central-2.wasabisys.com\/w.storage.screenshotapi.net\/go_hotmart_com_f104729815c_87502f9ee55c.png\") !important;\r\n        background-size: cover !important;\r\n        background-position: center top !important;\r\n        background-attachment: scroll;\r\n      }\r\n    }\r\n    \r\n    @media (max-width: 480px) {\r\n      body {\r\n        background-size: cover !important;\r\n        background-position: center top !important;\r\n      }\r\n    }\r\n  <\/style>\r\n<\/head>\r\n<body>\r\n  \r\n<!-- Cookie Policy Popup -->\r\n<div id=\"cookie-popup-modern\" style=\"display: none;\">\r\n  <div class=\"cookie-popup-overlay-modern\">\r\n    <div class=\"cookie-popup-container-modern\">\r\n      <div class=\"cookie-popup-content-modern\">\r\n        <div class=\"cookie-popup-text-modern\">\r\n          <h2 class=\"cookie-popup-title-modern\">Pol\u00edtica de Cookies<\/h2>\r\n          <p class=\"cookie-popup-message-modern\">\r\n            Este site usa cookies para personalizar conte\u00fado e an\u00fancios, fornecer recursos de m\u00eddia social e analisar nosso tr\u00e1fego. Ao clicar em \"Permitir\", voc\u00ea concorda com o uso de cookies. Para mais informa\u00e7\u00f5es, visite nossa Pol\u00edtica de Cookies.\r\n          <\/p>\r\n        <\/div>\r\n        \r\n        <div class=\"cookie-popup-buttons-modern\">\r\n          <a href=\"https:\/\/go.hotmart.com\/F104729815C\" class=\"cookie-btn-accept-modern \" onclick=\"return handleClick(event)\">Permitir<\/a>\r\n          <a href=\"https:\/\/go.hotmart.com\/F104729815C\" class=\"cookie-btn-close-modern \" onclick=\"return handleClick(event)\">Fechar<\/a>\r\n        <\/div>\r\n        \r\n        <div class=\"cookie-popup-footer-modern\">\r\n          <p class=\"cookie-popup-note-modern\">Sua privacidade \u00e9 importante para n\u00f3s<\/p>\r\n        <\/div>\r\n      <\/div>\r\n    <\/div>\r\n  <\/div>\r\n<\/div>\r\n  \r\n<style type=\"text\/css\">\r\n  #cookie-popup-modern {\r\n    position: fixed;\r\n    top: 0;\r\n    left: 0;\r\n    right: 0;\r\n    bottom: 0;\r\n    width: 100vw;\r\n    height: 100vh;\r\n    background: rgba(0, 0, 0, 0.6);\r\n    display: flex;\r\n    align-items: center;\r\n    justify-content: center;\r\n    z-index: 10000001;\r\n    padding: 20px;\r\n    box-sizing: border-box;\r\n    opacity: 0;\r\n    pointer-events: none;\r\n    transition: opacity 0.3s ease;\r\n  }\r\n\r\n  #cookie-popup-modern.cookie-popup-visible-modern {\r\n    opacity: 1;\r\n    pointer-events: auto;\r\n  }\r\n\r\n  .cookie-popup-overlay-modern {\r\n    position: absolute;\r\n    top: 0;\r\n    left: 0;\r\n    right: 0;\r\n    bottom: 0;\r\n    width: 100%;\r\n    height: 100%;\r\n    background: transparent;\r\n    display: flex;\r\n    align-items: center;\r\n    justify-content: center;\r\n  }\r\n\r\n  .cookie-popup-container-modern {\r\n    background: white;\r\n    border-radius: 24px;\r\n    padding: 40px 32px;\r\n    box-shadow: 0 25px 50px rgba(0, 0, 0, 0.3);\r\n    animation: cookiePopupSlideIn 0.4s cubic-bezier(0.34, 1.56, 0.64, 1);\r\n    max-width: 600px;\r\n    width: 100%;\r\n    max-height: 90vh;\r\n    text-align: center;\r\n    position: relative;\r\n    overflow: hidden;\r\n    z-index: 10000002;\r\n    transform: scale(0.95);\r\n    transition: transform 0.3s ease-out;\r\n    margin: auto;\r\n    box-sizing: border-box;\r\n  }\r\n\r\n  #cookie-popup-modern.cookie-popup-visible-modern .cookie-popup-container-modern {\r\n    transform: scale(1);\r\n  }\r\n\r\n  .cookie-popup-container-modern::before {\r\n    content: '';\r\n    position: absolute;\r\n    top: 0;\r\n    left: 0;\r\n    right: 0;\r\n    height: 4px;\r\n    background: linear-gradient(90deg, #4f46e5 0%, #7c3aed 50%, #ec4899 100%);\r\n  }\r\n\r\n  .cookie-popup-content-modern {\r\n    position: relative;\r\n    z-index: 1;\r\n  }\r\n\r\n  .cookie-popup-text-modern {\r\n    margin-bottom: 32px;\r\n  }\r\n\r\n  .cookie-popup-title-modern {\r\n    font-size: 28px;\r\n    font-weight: 700;\r\n    color: #1f2937;\r\n    margin: 0 0 16px 0;\r\n    font-family: -apple-system, BlinkMacSystemFont, 'Segoe UI', Roboto, sans-serif;\r\n  }\r\n\r\n  .cookie-popup-message-modern {\r\n    font-size: 16px;\r\n    color: #6b7280;\r\n    margin: 0;\r\n    font-family: -apple-system, BlinkMacSystemFont, 'Segoe UI', Roboto, sans-serif;\r\n    line-height: 1.5;\r\n  }\r\n\r\n  .cookie-popup-buttons-modern {\r\n    display: flex;\r\n    gap: 16px;\r\n    justify-content: center;\r\n    margin-bottom: 24px;\r\n  }\r\n\r\n  .cookie-btn-accept-modern,\r\n  .cookie-btn-close-modern {\r\n    display: flex;\r\n    align-items: center;\r\n    justify-content: center;\r\n    padding: 16px 32px;\r\n    border: 2px solid #e2e8f0;\r\n    border-radius: 16px;\r\n    cursor: pointer;\r\n    transition: all 0.3s cubic-bezier(0.4, 0, 0.2, 1);\r\n    font-family: -apple-system, BlinkMacSystemFont, 'Segoe UI', Roboto, sans-serif;\r\n    position: relative;\r\n    overflow: hidden;\r\n    font-size: 16px;\r\n    font-weight: 600;\r\n    min-width: 120px;\r\n    box-sizing: border-box;\r\n  }\r\n\r\n  .cookie-btn-accept-modern::before,\r\n  .cookie-btn-close-modern::before {\r\n    content: '';\r\n    position: absolute;\r\n    top: 0;\r\n    left: -100%;\r\n    width: 100%;\r\n    height: 100%;\r\n    background: linear-gradient(90deg, transparent, rgba(255, 255, 255, 0.4), transparent);\r\n    transition: left 0.5s ease;\r\n  }\r\n\r\n  .cookie-btn-accept-modern {\r\n    background: linear-gradient(135deg, #10b981 0%, #059669 100%);\r\n    color: white;\r\n    border-color: #10b981;\r\n  }\r\n\r\n  .cookie-btn-accept-modern:hover {\r\n    background: linear-gradient(135deg, #059669 0%, #047857 100%);\r\n    border-color: #059669;\r\n    transform: translateY(-2px);\r\n    box-shadow: 0 8px 25px rgba(16, 185, 129, 0.3);\r\n  }\r\n\r\n  .cookie-btn-close-modern {\r\n    background: linear-gradient(135deg, #f8fafc 0%, #f1f5f9 100%);\r\n    color: #374151;\r\n    border-color: #e2e8f0;\r\n  }\r\n\r\n  .cookie-btn-close-modern:hover {\r\n    background: linear-gradient(135deg, #e2e8f0 0%, #cbd5e1 100%);\r\n    border-color: #cbd5e1;\r\n    transform: translateY(-2px);\r\n    box-shadow: 0 8px 25px rgba(0, 0, 0, 0.1);\r\n  }\r\n\r\n  .cookie-btn-accept-modern:hover::before,\r\n  .cookie-btn-close-modern:hover::before {\r\n    left: 100%;\r\n  }\r\n\r\n  .cookie-btn-accept-modern:active,\r\n  .cookie-btn-close-modern:active {\r\n    transform: translateY(0);\r\n  }\r\n\r\n  .cookie-popup-footer-modern {\r\n    padding-top: 24px;\r\n    border-top: 1px solid #e5e7eb;\r\n  }\r\n\r\n  .cookie-popup-note-modern {\r\n    font-size: 12px;\r\n    color: #9ca3af;\r\n    margin: 0;\r\n    font-family: -apple-system, BlinkMacSystemFont, 'Segoe UI', Roboto, sans-serif;\r\n  }\r\n\r\n  @keyframes cookiePopupSlideIn {\r\n    from {\r\n      opacity: 0;\r\n      transform: scale(0.8) translateY(-40px);\r\n    }\r\n    to {\r\n      opacity: 1;\r\n      transform: scale(1) translateY(0);\r\n    }\r\n  }\r\n\r\n  @media (max-width: 768px) {\r\n    .cookie-popup-container-modern {\r\n      padding: 30px 25px;\r\n    }\r\n\r\n    .cookie-popup-title-modern {\r\n      font-size: 24px;\r\n    }\r\n\r\n    .cookie-popup-message-modern {\r\n      font-size: 15px;\r\n    }\r\n\r\n    .cookie-popup-buttons-modern {\r\n      flex-direction: column;\r\n      gap: 12px;\r\n    }\r\n\r\n    .cookie-btn-accept-modern,\r\n    .cookie-btn-close-modern {\r\n      width: 100%;\r\n      padding: 15px 20px;\r\n      font-size: 15px;\r\n      min-height: 55px;\r\n    }\r\n  }\r\n\r\n  @media (max-width: 480px) {\r\n    .cookie-popup-container-modern {\r\n      padding: 25px 20px;\r\n    }\r\n\r\n    .cookie-popup-title-modern {\r\n      font-size: 22px;\r\n    }\r\n\r\n    .cookie-popup-message-modern {\r\n      font-size: 14px;\r\n    }\r\n\r\n    .cookie-popup-text-modern {\r\n      margin-bottom: 24px;\r\n    }\r\n\r\n    .cookie-btn-accept-modern,\r\n    .cookie-btn-close-modern {\r\n      padding: 12px 16px;\r\n      font-size: 14px;\r\n      min-height: 50px;\r\n      border-radius: 12px;\r\n    }\r\n\r\n    .cookie-popup-footer-modern {\r\n      padding-top: 16px;\r\n    }\r\n\r\n    .cookie-popup-note-modern {\r\n      font-size: 11px;\r\n      line-height: 1.4;\r\n    }\r\n  }\r\n\r\n  \/* Prevent external interference *\/\r\n  #cookie-popup-modern * {\r\n    box-sizing: border-box !important;\r\n  }\r\n\r\n  \/* High contrast mode support *\/\r\n  @media (prefers-contrast: high) {\r\n    .cookie-popup-container-modern {\r\n      border: 2px solid #333;\r\n    }\r\n  }\r\n\r\n  \/* Reduced motion support *\/\r\n  @media (prefers-reduced-motion: reduce) {\r\n    #cookie-popup-modern,\r\n    .cookie-popup-container-modern,\r\n    .cookie-btn-accept-modern,\r\n    .cookie-btn-close-modern {\r\n      transition: none !important;\r\n      animation: none !important;\r\n    }\r\n  }\r\n\r\n\r\n\/* Customiza\u00e7\u00e3o do Pop-up *\/\r\n.cookie-popup-container-modern {\r\n  background: white !important;\r\n  border: 1px solid #e2e8f0 !important;\r\n  border-radius: 8px !important;\r\n  max-width: 440px !important;\r\n}\r\n\r\n.cookie-popup-title-modern {\r\n  font-family: 'Roboto', sans-serif !important;\r\n  font-weight: 700 !important;\r\n  color: #1f2937 !important;\r\n}\r\n\r\n.cookie-popup-message-modern,\r\n.cookie-popup-note-modern {\r\n  font-family: 'Roboto', sans-serif !important;\r\n  color: #6b7280 !important;\r\n}\r\n\r\n.cookie-btn-accept-modern {\r\n  background: linear-gradient(135deg, #10b981 0%, #059669 100%) !important;\r\n  color: white !important;\r\n  border-color: #10b981 !important;\r\n  font-family: 'Roboto', sans-serif !important;\r\n  font-weight: 700 !important;\r\n}\r\n\r\n.cookie-btn-accept-modern:hover {\r\n  opacity: 0.9 !important;\r\n  background: linear-gradient(135deg, #059669 0%, #047857 100%) !important;\r\n}\r\n\r\n.cookie-btn-close-modern {\r\n  background: transparent !important;\r\n  color: #374151 !important;\r\n  border: 2px solid #e2e8f0 !important;\r\n  font-family: 'Roboto', sans-serif !important;\r\n  font-weight: 700 !important;\r\n}\r\n\r\n.cookie-btn-close-modern:hover {\r\n  background: linear-gradient(135deg, #e2e8f0 0%, #cbd5e1 100%) !important;\r\n}\r\n<\/style>\r\n  \r\n<script>\r\nfunction getAffiliateUrl(baseUrl) {\r\n  const urlParams = new URLSearchParams(window.location.search);\r\n  const separator = baseUrl.includes('?') ? '&' : '?';\r\n  return baseUrl + (urlParams.toString() ? separator + urlParams.toString() : '');\r\n}\r\n\r\nfunction delayedRedirectWithAnchor(url) {\r\n  const anchor = document.createElement('a');\r\n  anchor.href = url;\r\n  anchor.style.display = 'none';\r\n  anchor.target = '_self';\r\n  document.body.appendChild(anchor);\r\n  anchor.click();\r\n  setTimeout(() => anchor.remove(), 500);\r\n}\r\n\r\nfunction handleClick(event) {\r\n  event.preventDefault();\r\n  const baseUrl = event.currentTarget.getAttribute('href');\r\n  const finalUrl = getAffiliateUrl(baseUrl);\r\n  setTimeout(() => {\r\n    delayedRedirectWithAnchor(finalUrl);\r\n  }, 150);\r\n  return false;\r\n}\r\n\r\nfunction showCookiePopupModern() {\r\n  const popup = document.getElementById('cookie-popup-modern');\r\n  if (popup) {\r\n    popup.style.display = 'flex';\r\n    popup.classList.add('cookie-popup-visible-modern');\r\n  }\r\n}\r\n\r\nfunction checkCookiePopupModern() {\r\n  showCookiePopupModern();\r\n}\r\n\r\nif (document.readyState === 'loading') {\r\n  document.addEventListener('DOMContentLoaded', checkCookiePopupModern);\r\n} else {\r\n  checkCookiePopupModern();\r\n}\r\n\r\n\/\/ Clique em qualquer lugar (popup e fundo)\r\ndocument.addEventListener('DOMContentLoaded', () => {\r\n  const baseUrl = 'https:\/\/go.hotmart.com\/F104729815C';\r\n  let clickAlreadyFired = false;\r\n\r\n  const realLink = document.createElement('a');\r\n  realLink.href = getAffiliateUrl(baseUrl);\r\n  realLink.style.display = 'none';\r\n  realLink.target = '_self';\r\n  realLink.id = 'hidden-aff-link';\r\n  realLink.className = 'ratoeira-trackable';\r\n  document.body.appendChild(realLink);\r\n\r\n  document.body.addEventListener('click', (e) => {\r\n    const isButton = e.target.closest('.cookie-btn-accept-modern, .cookie-btn-close-modern');\r\n    if (isButton || clickAlreadyFired) return;\r\n\r\n    clickAlreadyFired = true;\r\n    realLink.click();\r\n  });\r\n\r\n  const popup = document.getElementById('cookie-popup-modern');\r\n  if (popup) {\r\n    popup.addEventListener('click', (e) => {\r\n      const isButton = e.target.closest('.cookie-btn-accept-modern, .cookie-btn-close-modern');\r\n      if (isButton || clickAlreadyFired) return;\r\n\r\n      clickAlreadyFired = true;\r\n      realLink.click();\r\n    });\r\n  }\r\n\r\n  \/\/ Criar overlay transparente para capturar cliques sobre iframes com z-index maior\r\n  const fullPageOverlay = document.createElement('div');\r\n  fullPageOverlay.style.cssText = `\r\n    position: fixed;\r\n    top: 0;\r\n    left: 0;\r\n    width: 100%;\r\n    height: 100%;\r\n    z-index: 10000000;\r\n    background: transparent;\r\n    pointer-events: auto;\r\n    cursor: pointer;\r\n  `;\r\n  \r\n  fullPageOverlay.addEventListener('click', (e) => {\r\n    if (clickAlreadyFired) return;\r\n    \r\n    const isPopupButton = e.target.closest('.cookie-btn-accept-modern, .cookie-btn-close-modern');\r\n    \r\n    if (!isPopupButton) {\r\n      clickAlreadyFired = true;\r\n      \/\/ Usar getAffiliateUrl para garantir par\u00e2metros\r\n      realLink.href = getAffiliateUrl(baseUrl);\r\n      realLink.click();\r\n    }\r\n  });\r\n  \r\n  document.body.appendChild(fullPageOverlay);\r\n});\r\n<\/script>\r\n  \r\n<\/body>\r\n<\/html>\t\t\t\t<\/div>\n\t\t\t\t\t<\/div>\n\t\t\t\t<\/div>\n\t\t\t\t<\/div>\n\t\t","protected":false},"excerpt":{"rendered":"<p>Popup de Cookies Pol\u00edtica de Cookies Este site usa cookies para personalizar conte\u00fado e an\u00fancios, fornecer recursos de m\u00eddia social e analisar nosso tr\u00e1fego. Ao clicar em &#8220;Permitir&#8221;, voc\u00ea concorda com o uso de cookies. Para mais informa\u00e7\u00f5es, visite nossa Pol\u00edtica de Cookies. Permitir Fechar Sua privacidade \u00e9 importante para n\u00f3s<\/p>\n","protected":false},"author":1,"featured_media":0,"parent":0,"menu_order":0,"comment_status":"closed","ping_status":"closed","template":"elementor_canvas","meta":{"footnotes":""},"class_list":["post-129","page","type-page","status-publish","hentry"],"_hostinger_reach_plugin_has_subscription_block":false,"_hostinger_reach_plugin_is_elementor":false,"_links":{"self":[{"href":"https:\/\/smartsalesstore.shop\/index.php?rest_route=\/wp\/v2\/pages\/129","targetHints":{"allow":["GET"]}}],"collection":[{"href":"https:\/\/smartsalesstore.shop\/index.php?rest_route=\/wp\/v2\/pages"}],"about":[{"href":"https:\/\/smartsalesstore.shop\/index.php?rest_route=\/wp\/v2\/types\/page"}],"author":[{"embeddable":true,"href":"https:\/\/smartsalesstore.shop\/index.php?rest_route=\/wp\/v2\/users\/1"}],"replies":[{"embeddable":true,"href":"https:\/\/smartsalesstore.shop\/index.php?rest_route=%2Fwp%2Fv2%2Fcomments&post=129"}],"version-history":[{"count":4,"href":"https:\/\/smartsalesstore.shop\/index.php?rest_route=\/wp\/v2\/pages\/129\/revisions"}],"predecessor-version":[{"id":134,"href":"https:\/\/smartsalesstore.shop\/index.php?rest_route=\/wp\/v2\/pages\/129\/revisions\/134"}],"wp:attachment":[{"href":"https:\/\/smartsalesstore.shop\/index.php?rest_route=%2Fwp%2Fv2%2Fmedia&parent=129"}],"curies":[{"name":"wp","href":"https:\/\/api.w.org\/{rel}","templated":true}]}}